{"id":2023,"date":"2014-04-24T16:43:55","date_gmt":"2014-04-24T14:43:55","guid":{"rendered":"https:\/\/waldwelten.sawah.mobi\/?page_id=2023"},"modified":"2019-11-20T07:42:01","modified_gmt":"2019-11-20T06:42:01","slug":"ueber-die-app","status":"publish","type":"page","link":"https:\/\/waldwelten.sawah.mobi\/?page_id=2023","title":{"rendered":"\u00dcber die App"},"content":{"rendered":"<p>Haftungshinweis:<\/p>\n<p>Wir \u00fcbernehmen keine Haftung f\u00fcr die Inhalte externer Links, daf\u00fcr sind ausschlie\u00dflich deren Betreiber verantwortlich. Die World Habitat Society GmbH ist bem\u00fcht, die Applikation stets aktuell und inhaltlich richtig sowie vollst\u00e4ndig anzubieten. Dennoch ist das Auftreten von Fehlern nicht v\u00f6llig auszuschlie\u00dfen. Die World Habitat Society GmbH \u00fcbernimmt keine Haftung f\u00fcr die Aktualit\u00e4t, die inhaltliche Richtigkeit sowie f\u00fcr die Vollst\u00e4ndigkeit der in diesem Angebot eingestellten Informationen. Dies bezieht sich auf eventuelle Sch\u00e4den materieller oder ideeller Art Dritter, die durch die Nutzung dieses Angebotes verursacht wurden. Gesch\u00fctzte Marken und Namen, Bilder und Texte werden in der Regel nicht als solche kenntlich gemacht. Das Fehlen einer solchen Kennzeichnung bedeutet jedoch nicht, dass es sich um einen freien Namen, ein freies Bild oder einen freien Text im Sinne des Markenzeichenrechts handelt.<\/p>\n<p>Nutzung der Applikationen:<\/p>\n<p>Der Benutzer tr\u00e4gt die volle Verantwortung und hat daf\u00fcr Sorge zu tragen, sich selbst und andere Verkehrsteilnehmer nicht zu gef\u00e4hrden. Die Autoren haften weder f\u00fcr die unsachgem\u00e4\u00dfe Verwendung der Applikation noch f\u00fcr irgendwelche daraus entstehenden Sch\u00e4den. Jede urheberrechtswidrige Verwertung ohne Zustimmung der World Habitat Society GmbH ist unzul\u00e4ssig. Die Gesamtherstellung erfolgte gr\u00fcndlich und nach bestem Wissen, jedoch ohne Gew\u00e4hr. F\u00fcr etwaige Fehler und Differenzen kann keine Haftung \u00fcbernommen werden.<\/p>\n<p>Kartografie:<\/p>\n<p>Das Webangebot und die Applikation nutzt zur Darstellung der Inhalte die interaktive Karte Open Street Maps.<\/p>\n<p>In ausgew\u00e4hlten Bereichen verwendet sawah eine eigene Kartografie. Die World Habitat Society GmbH \u00fcbernimmt keine Gew\u00e4hr f\u00fcr die Fehlerfreiheit der Produkte und Karten, die Richtigkeit und Vollst\u00e4ndigkeit der Daten.<\/p>\n<p>Information zum Copyright:<\/p>\n<p>Falls nicht gesondert aufgef\u00fchrt liegt das Copyright an Texten und Bildern beim Kreis H\u00f6xter.<\/p>\n<p>Applikationen:<\/p>\n<p>INTEWO | World Habitat Society GmbH | Paderborner Str. 11 | 33189 Schlangen| www.intewo.org<\/p>","protected":false},"excerpt":{"rendered":"<p>Haftungshinweis: Wir \u00fcbernehmen keine Haftung f\u00fcr die Inhalte externer Links, daf\u00fcr sind ausschlie\u00dflich deren Betreiber verantwortlich. Die World Habitat Society GmbH ist bem\u00fcht, die Applikation stets aktuell und inhaltlich richtig sowie vollst\u00e4ndig anzubieten. Dennoch ist das Auftreten von Fehlern nicht v\u00f6llig auszuschlie\u00dfen. Die World Habitat Society GmbH \u00fcbernimmt keine Haftung f\u00fcr die Aktualit\u00e4t, die inhaltliche [&hellip;]<\/p>\n","protected":false},"author":1,"featured_media":0,"parent":0,"menu_order":0,"comment_status":"open","ping_status":"open","template":"","meta":{"ngg_post_thumbnail":0},"_links":{"self":[{"href":"https:\/\/waldwelten.sawah.mobi\/index.php?rest_route=\/wp\/v2\/pages\/2023"}],"collection":[{"href":"https:\/\/waldwelten.sawah.mobi\/index.php?rest_route=\/wp\/v2\/pages"}],"about":[{"href":"https:\/\/waldwelten.sawah.mobi\/index.php?rest_route=\/wp\/v2\/types\/page"}],"author":[{"embeddable":true,"href":"https:\/\/waldwelten.sawah.mobi\/index.php?rest_route=\/wp\/v2\/users\/1"}],"replies":[{"embeddable":true,"href":"https:\/\/waldwelten.sawah.mobi\/index.php?rest_route=%2Fwp%2Fv2%2Fcomments&post=2023"}],"version-history":[{"count":7,"href":"https:\/\/waldwelten.sawah.mobi\/index.php?rest_route=\/wp\/v2\/pages\/2023\/revisions"}],"predecessor-version":[{"id":2278,"href":"https:\/\/waldwelten.sawah.mobi\/index.php?rest_route=\/wp\/v2\/pages\/2023\/revisions\/2278"}],"wp:attachment":[{"href":"https:\/\/waldwelten.sawah.mobi\/index.php?rest_route=%2Fwp%2Fv2%2Fmedia&parent=2023"}],"curies":[{"name":"wp","href":"https:\/\/api.w.org\/{rel}","templated":true}]}}