{"id":2026,"date":"2014-04-24T16:45:16","date_gmt":"2014-04-24T14:45:16","guid":{"rendered":"https:\/\/waldwelten.sawah.mobi\/?page_id=2026"},"modified":"2019-11-20T07:39:02","modified_gmt":"2019-11-20T06:39:02","slug":"der-naturpark","status":"publish","type":"page","link":"https:\/\/waldwelten.sawah.mobi\/?page_id=2026","title":{"rendered":"Die Erlesene Natur"},"content":{"rendered":"<p>Kulturland Kreis H\u00f6xter \u2013 das sind Kirchen und Kl\u00f6ster, G\u00e4rten und Parks, Kunst und Handwerk. Neben den umfangreichen kulturellen Sch\u00e4tzen verf\u00fcgt der Kreis H\u00f6xter aber auch \u00fcber eine aussergew\u00f6hnliche Dichte an Natursch\u00f6nheiten, die die vielf\u00e4ltig-kleinteilige Mittelgebirgslandschaft durchziehen. Zum Schutz seltener und bedrohter Pflanzen und Tiere sind sie zu einem engmaschigen Netz von Schutzgebieten verwoben, viele davon von europ\u00e4ischer Bedeutung. So engagiert sich der Kreis zum Erhalt unseres Europ\u00e4ischen Naturerbes.<\/p>\n<p>Mit dem Projekt &#8222;Erlesene Natur&#8220;&nbsp;sollen viele dieser Gebiete f\u00fcr interessierte Besucher erschlossen werden. Denn das beste Gef\u00fchl, warum etwas sch\u00fctzenswert ist, erf\u00e4hrt man direkt im Gel\u00e4nde. Sei es am Desenberg, wo man die pr\u00e4chtigen Schwalbenschw\u00e4nze bei ihrem \u201eTanz auf dem Vulkan\u201c beobachten kann, sei es bei Willebadessen, wo man auf blumenbunten Kalktriften zum \u201eFl\u00fcgelschlag des Bl\u00e4ulings\u201c entlang spaziert. Der Weser-Skywalk an den Hannoverschen Klippen bei W\u00fcrgassen l\u00e4dt zum \u201eSchweben \u00fcber Fels &amp; Wasser\u201c ein, die Steinterassen an der Nethem\u00fcndung zur \u201eErfrischung im Reich der Prachtlibellen\u201c. Webcams erm\u00f6glichen v\u00f6llig neue Einblicke in die geheimnisvolle Welt der Flederm\u00e4use in historischen Dachst\u00fchlen. Und wer nicht auf eigene Faust auf Entdeckungsreise gehen will, f\u00fcr den bieten zertifizierte Natur- und Landschaftsf\u00fchrer ein breites Angebot an Entdeckertouren an.<\/p>","protected":false},"excerpt":{"rendered":"<p>Kulturland Kreis H\u00f6xter \u2013 das sind Kirchen und Kl\u00f6ster, G\u00e4rten und Parks, Kunst und Handwerk. Neben den umfangreichen kulturellen Sch\u00e4tzen verf\u00fcgt der Kreis H\u00f6xter aber auch \u00fcber eine aussergew\u00f6hnliche Dichte an Natursch\u00f6nheiten, die die vielf\u00e4ltig-kleinteilige Mittelgebirgslandschaft durchziehen. Zum Schutz seltener und bedrohter Pflanzen und Tiere sind sie zu einem engmaschigen Netz von Schutzgebieten verwoben, viele [&hellip;]<\/p>\n","protected":false},"author":1,"featured_media":2114,"parent":0,"menu_order":0,"comment_status":"open","ping_status":"open","template":"","meta":{"ngg_post_thumbnail":0},"_links":{"self":[{"href":"https:\/\/waldwelten.sawah.mobi\/index.php?rest_route=\/wp\/v2\/pages\/2026"}],"collection":[{"href":"https:\/\/waldwelten.sawah.mobi\/index.php?rest_route=\/wp\/v2\/pages"}],"about":[{"href":"https:\/\/waldwelten.sawah.mobi\/index.php?rest_route=\/wp\/v2\/types\/page"}],"author":[{"embeddable":true,"href":"https:\/\/waldwelten.sawah.mobi\/index.php?rest_route=\/wp\/v2\/users\/1"}],"replies":[{"embeddable":true,"href":"https:\/\/waldwelten.sawah.mobi\/index.php?rest_route=%2Fwp%2Fv2%2Fcomments&post=2026"}],"version-history":[{"count":9,"href":"https:\/\/waldwelten.sawah.mobi\/index.php?rest_route=\/wp\/v2\/pages\/2026\/revisions"}],"predecessor-version":[{"id":2273,"href":"https:\/\/waldwelten.sawah.mobi\/index.php?rest_route=\/wp\/v2\/pages\/2026\/revisions\/2273"}],"wp:featuredmedia":[{"embeddable":true,"href":"https:\/\/waldwelten.sawah.mobi\/index.php?rest_route=\/wp\/v2\/media\/2114"}],"wp:attachment":[{"href":"https:\/\/waldwelten.sawah.mobi\/index.php?rest_route=%2Fwp%2Fv2%2Fmedia&parent=2026"}],"curies":[{"name":"wp","href":"https:\/\/api.w.org\/{rel}","templated":true}]}}