{"id":2056,"date":"2014-05-09T13:45:42","date_gmt":"2014-05-09T11:45:42","guid":{"rendered":"https:\/\/waldwelten.sawah.mobi\/?page_id=2056"},"modified":"2019-11-19T14:47:49","modified_gmt":"2019-11-19T13:47:49","slug":"die-egge","status":"publish","type":"page","link":"https:\/\/waldwelten.sawah.mobi\/?page_id=2056","title":{"rendered":"Die Egge"},"content":{"rendered":"<p>Das Eggegebirge erstreckt sich \u00fcber rund 60 km von Horn-Bad Meinberg im Norden bis nach Marsberg im S\u00fcden. Es handelt sich um einen Mittelgebirgskamm, dessen h\u00f6chste Erhebung am Preu\u00dfischen Velmerstot 468 m \u00fcber NN erreicht. Der Begriff Egge hat \u00fcbrigens nichts mit dem gleichnamigen landwirtschaftlichen Ger\u00e4t zu tun sondern es handelt sich um die niederdeutsche Bezeichnung f\u00fcr langgestreckte H\u00fcgelk\u00e4mme.<\/p>\n<p>W\u00e4hrend die Egge nach Westen sanft abf\u00e4llt, ist nach Osten hin eine markante Steilstufe ausgebildet, die hier an der Schutzh\u00fctte \u201eSch\u00f6ne Aussicht\u201c einen wundervollen Blick auf den Driburger Talkessel und die den Kessel einrahmenden Bergkuppen des Oberw\u00e4lder Landes erm\u00f6glicht.<\/p>\n<p>Aufgrund ihres Nord-S\u00fcd-Verlaufes liegt die Egge quer zu den vorherrschenden Westwinden. Diese sind gezwungen aufzusteigen \u2013 mit der Folge, dass der mitgef\u00fchrte Wasserdampf zu Regentropfen kondensiert. Dieses Ph\u00e4nomen sorgt f\u00fcr die typischen h\u00e4ufigen Regenf\u00e4lle. Bis zu 1200 mm Niederschlag werden j\u00e4hrlich in der Egge registriert. So ist es kein Wunder, dass in der Egge zahlreiche B\u00e4che entspringen. Dabei stellt sie eine Wasserscheide dar: Alle Gew\u00e4sser, die westlich des Kamms entspringen, entw\u00e4ssern in den Rhein, w\u00e4hrend alle \u00f6stlich entspringenden Gew\u00e4sser der Weser zuflie\u00dfen.<\/p>","protected":false},"excerpt":{"rendered":"<p>Das Eggegebirge erstreckt sich \u00fcber rund 60 km von Horn-Bad Meinberg im Norden bis nach Marsberg im S\u00fcden. Es handelt sich um einen Mittelgebirgskamm, dessen h\u00f6chste Erhebung am Preu\u00dfischen Velmerstot 468 m \u00fcber NN erreicht. Der Begriff Egge hat \u00fcbrigens nichts mit dem gleichnamigen landwirtschaftlichen Ger\u00e4t zu tun sondern es handelt sich um die niederdeutsche [&hellip;]<\/p>\n","protected":false},"author":1,"featured_media":2137,"parent":0,"menu_order":0,"comment_status":"closed","ping_status":"open","template":"","meta":{"ngg_post_thumbnail":0},"_links":{"self":[{"href":"https:\/\/waldwelten.sawah.mobi\/index.php?rest_route=\/wp\/v2\/pages\/2056"}],"collection":[{"href":"https:\/\/waldwelten.sawah.mobi\/index.php?rest_route=\/wp\/v2\/pages"}],"about":[{"href":"https:\/\/waldwelten.sawah.mobi\/index.php?rest_route=\/wp\/v2\/types\/page"}],"author":[{"embeddable":true,"href":"https:\/\/waldwelten.sawah.mobi\/index.php?rest_route=\/wp\/v2\/users\/1"}],"replies":[{"embeddable":true,"href":"https:\/\/waldwelten.sawah.mobi\/index.php?rest_route=%2Fwp%2Fv2%2Fcomments&post=2056"}],"version-history":[{"count":2,"href":"https:\/\/waldwelten.sawah.mobi\/index.php?rest_route=\/wp\/v2\/pages\/2056\/revisions"}],"predecessor-version":[{"id":2191,"href":"https:\/\/waldwelten.sawah.mobi\/index.php?rest_route=\/wp\/v2\/pages\/2056\/revisions\/2191"}],"wp:featuredmedia":[{"embeddable":true,"href":"https:\/\/waldwelten.sawah.mobi\/index.php?rest_route=\/wp\/v2\/media\/2137"}],"wp:attachment":[{"href":"https:\/\/waldwelten.sawah.mobi\/index.php?rest_route=%2Fwp%2Fv2%2Fmedia&parent=2056"}],"curies":[{"name":"wp","href":"https:\/\/api.w.org\/{rel}","templated":true}]}}