{"id":2060,"date":"2014-05-09T13:46:59","date_gmt":"2014-05-09T11:46:59","guid":{"rendered":"https:\/\/waldwelten.sawah.mobi\/?page_id=2060"},"modified":"2019-11-19T14:47:49","modified_gmt":"2019-11-19T13:47:49","slug":"die-geschichte-des-waldes","status":"publish","type":"page","link":"https:\/\/waldwelten.sawah.mobi\/?page_id=2060","title":{"rendered":"Die Geschichte des Waldes"},"content":{"rendered":"<p>Die Egge war aufgrund der relativ rauen Witterung und der hohen Niederschl\u00e4ge nie ein beliebtes Siedlungsgebiet, was jedoch eine Nutzung durch den Menschen nicht ausschloss. So diente das Holz der Buchenw\u00e4lder zum Heizen der Glas\u00f6fen und zur Gewinnung der Pottasche, welche f\u00fcr die Herstellung von Glas ben\u00f6tigt wurde. Der Holzbedarf war enorm: F\u00fcr die Herstellung von einem Kilogramm Glas wurden circa ein Raummeter Holz ben\u00f6tigt. Der Holzbedarf einer einzigen Glash\u00fctte betrug j\u00e4hrlich bis zu 5.000 Raummeter, das entspricht dem Holzvorrat von 20 bis 30 Hektar Wald. Kein Wunder also, dass die Glash\u00fctten direkt in den W\u00e4ldern angesiedelt wurden.<\/p>\n<p>War der Holzvorrat ersch\u00f6pft, wanderte die Glash\u00fctte weiter. Zur\u00fcck blieben verw\u00fcstete W\u00e4lder, in die daraufhin meist das Vieh aus den umliegenden Siedlungen eingetrieben wurde. Es entstanden auf den sauren, n\u00e4hrstoffarmen B\u00f6den der westlichen Egge ausgedehnte, wenig ertragreiche Hochheiden, wie Sie sie heute beispielsweise noch am Velmerstot bei Steinheim-Sandebeck vorfinden k\u00f6nnen.<\/p>\n<p>Im 19. und 20. Jahrhundert wurden die Hochheiden wieder in Wald \u00fcberf\u00fchrt. Allerdings war die Wiederaufforstung h\u00e4ufig nur noch mit der anspruchloseren Fichte m\u00f6glich. Dieser forstgeschichtliche Aspekt ist der Grund f\u00fcr den hohen Fichtenanteil in der Egge. Anders sieht es an den ostexponierten Steilh\u00e4ngen der Egge aus. Hier dominieren basenreichen Muschelkalke, auf denen sich bis heute der urspr\u00fcngliche Buchenwald erhalten hat.<\/p>","protected":false},"excerpt":{"rendered":"<p>Die Egge war aufgrund der relativ rauen Witterung und der hohen Niederschl\u00e4ge nie ein beliebtes Siedlungsgebiet, was jedoch eine Nutzung durch den Menschen nicht ausschloss. So diente das Holz der Buchenw\u00e4lder zum Heizen der Glas\u00f6fen und zur Gewinnung der Pottasche, welche f\u00fcr die Herstellung von Glas ben\u00f6tigt wurde. Der Holzbedarf war enorm: F\u00fcr die Herstellung [&hellip;]<\/p>\n","protected":false},"author":1,"featured_media":2142,"parent":0,"menu_order":0,"comment_status":"closed","ping_status":"open","template":"","meta":{"ngg_post_thumbnail":0},"_links":{"self":[{"href":"https:\/\/waldwelten.sawah.mobi\/index.php?rest_route=\/wp\/v2\/pages\/2060"}],"collection":[{"href":"https:\/\/waldwelten.sawah.mobi\/index.php?rest_route=\/wp\/v2\/pages"}],"about":[{"href":"https:\/\/waldwelten.sawah.mobi\/index.php?rest_route=\/wp\/v2\/types\/page"}],"author":[{"embeddable":true,"href":"https:\/\/waldwelten.sawah.mobi\/index.php?rest_route=\/wp\/v2\/users\/1"}],"replies":[{"embeddable":true,"href":"https:\/\/waldwelten.sawah.mobi\/index.php?rest_route=%2Fwp%2Fv2%2Fcomments&post=2060"}],"version-history":[{"count":2,"href":"https:\/\/waldwelten.sawah.mobi\/index.php?rest_route=\/wp\/v2\/pages\/2060\/revisions"}],"predecessor-version":[{"id":2193,"href":"https:\/\/waldwelten.sawah.mobi\/index.php?rest_route=\/wp\/v2\/pages\/2060\/revisions\/2193"}],"wp:featuredmedia":[{"embeddable":true,"href":"https:\/\/waldwelten.sawah.mobi\/index.php?rest_route=\/wp\/v2\/media\/2142"}],"wp:attachment":[{"href":"https:\/\/waldwelten.sawah.mobi\/index.php?rest_route=%2Fwp%2Fv2%2Fmedia&parent=2060"}],"curies":[{"name":"wp","href":"https:\/\/api.w.org\/{rel}","templated":true}]}}