{"id":2075,"date":"2014-05-09T19:00:21","date_gmt":"2014-05-09T17:00:21","guid":{"rendered":"https:\/\/waldwelten.sawah.mobi\/?page_id=2075"},"modified":"2019-11-19T14:47:49","modified_gmt":"2019-11-19T13:47:49","slug":"wald-in-drei-varianten","status":"publish","type":"page","link":"https:\/\/waldwelten.sawah.mobi\/?page_id=2075","title":{"rendered":"Wald in drei Varianten"},"content":{"rendered":"<p>An dieser Stelle k\u00f6nnen Sie problemlos drei verschiedene Waldbest\u00e4nde in unmittelbarer Nachbarschaft zueinander entdecken. Einmal handelt es sich um den standortgem\u00e4\u00dfen Buchenwald an, der hier als dichter, junger Wald in Erscheinung tritt. Die anderen beiden Waldbest\u00e4nde w\u00e4ren hier dagegen ohne Zutun des Menschen in den erkennbaren Auspr\u00e4gungen nicht anzutreffen. Bergahorn und Esche sind in Abh\u00e4ngigkeit von Standort dem Buchenwald auch auf nat\u00fcrliche Weise beigemischt. Der Reinbestand, so wie er hier anzutreffen ist, verdankt seine Entstehung dagegen dem Menschen, der hier unter forstwirtschaftlichen Gesichtspunkten einen Laubmischwald ohne Beteiligung der Buche begr\u00fcndet hat. Das gleiche gilt auch f\u00fcr den Fichtenbestand.<\/p>\n<p>Im Gegensatz zu den Laubb\u00e4umen ist die Fichte als Nadelbaum bei uns nicht heimisch. Ihre Heimat sind die H\u00f6henlagen der Mittelgebirge. Unterhalb 800 m kommt sie normalerweise nicht vor. Sie verdankt ihr Vorkommen in der Egge allein dem Menschen, der sie als anspruchslose und schnellw\u00fcchsige Baumart zun\u00e4chst zur Wiederaufforstung der W\u00e4lder und sp\u00e4ter aus \u00f6konomischen Gr\u00fcnden genutzt hat. Dennoch darf man die Fichte nicht verteufeln, immerhin bestehen 90% unserer Dachst\u00fchle aus ihrem Holz. Ein Ziel der naturnahen Waldwirtschaft stellt die Anreicherung von Laubholz in stabilen Fichtenbest\u00e4nden dar. An allen drei Standorten w\u00fcrde ohne menschlichen Einfluss die Buche dominieren.<\/p>","protected":false},"excerpt":{"rendered":"<p>An dieser Stelle k\u00f6nnen Sie problemlos drei verschiedene Waldbest\u00e4nde in unmittelbarer Nachbarschaft zueinander entdecken. Einmal handelt es sich um den standortgem\u00e4\u00dfen Buchenwald an, der hier als dichter, junger Wald in Erscheinung tritt. Die anderen beiden Waldbest\u00e4nde w\u00e4ren hier dagegen ohne Zutun des Menschen in den erkennbaren Auspr\u00e4gungen nicht anzutreffen. Bergahorn und Esche sind in Abh\u00e4ngigkeit [&hellip;]<\/p>\n","protected":false},"author":1,"featured_media":2145,"parent":0,"menu_order":0,"comment_status":"closed","ping_status":"open","template":"","meta":{"ngg_post_thumbnail":0},"_links":{"self":[{"href":"https:\/\/waldwelten.sawah.mobi\/index.php?rest_route=\/wp\/v2\/pages\/2075"}],"collection":[{"href":"https:\/\/waldwelten.sawah.mobi\/index.php?rest_route=\/wp\/v2\/pages"}],"about":[{"href":"https:\/\/waldwelten.sawah.mobi\/index.php?rest_route=\/wp\/v2\/types\/page"}],"author":[{"embeddable":true,"href":"https:\/\/waldwelten.sawah.mobi\/index.php?rest_route=\/wp\/v2\/users\/1"}],"replies":[{"embeddable":true,"href":"https:\/\/waldwelten.sawah.mobi\/index.php?rest_route=%2Fwp%2Fv2%2Fcomments&post=2075"}],"version-history":[{"count":2,"href":"https:\/\/waldwelten.sawah.mobi\/index.php?rest_route=\/wp\/v2\/pages\/2075\/revisions"}],"predecessor-version":[{"id":2196,"href":"https:\/\/waldwelten.sawah.mobi\/index.php?rest_route=\/wp\/v2\/pages\/2075\/revisions\/2196"}],"wp:featuredmedia":[{"embeddable":true,"href":"https:\/\/waldwelten.sawah.mobi\/index.php?rest_route=\/wp\/v2\/media\/2145"}],"wp:attachment":[{"href":"https:\/\/waldwelten.sawah.mobi\/index.php?rest_route=%2Fwp%2Fv2%2Fmedia&parent=2075"}],"curies":[{"name":"wp","href":"https:\/\/api.w.org\/{rel}","templated":true}]}}