{"id":2081,"date":"2014-05-09T19:04:09","date_gmt":"2014-05-09T17:04:09","guid":{"rendered":"https:\/\/waldwelten.sawah.mobi\/?page_id=2081"},"modified":"2019-11-19T15:39:01","modified_gmt":"2019-11-19T14:39:01","slug":"der-buchenhallenwald","status":"publish","type":"page","link":"https:\/\/waldwelten.sawah.mobi\/?page_id=2081","title":{"rendered":"Buchenhallenwald"},"content":{"rendered":"<p>F\u00fcr die Rotbuche sind die Wuchsbedingungen in Mitteleuropa und somit auch im Kreis H\u00f6xter besonders g\u00fcnstig. Es wundert somit nicht, dass sich hier auch die \u00fcppigsten Buchenw\u00e4lder mit Baumh\u00f6hen von bis zu 40 m finden.<\/p>\n<p>Typisch f\u00fcr den Buchenwald ist eine hallen\u00e4hnliche Auspr\u00e4gung. Wie die S\u00e4ulen einer Kathedrale streben die geraden, astfreien St\u00e4mme dem Himmel entgegen, und das dichte Kronendach schirmt das Waldesinnere hermetisch nach au\u00dfen hin ab. In dichten Buchenbest\u00e4nden gelangen im Sommerhalbjahr gerade mal drei bis f\u00fcnf Prozent des Sonnenlichtes bis zum Waldboden \u2013 zu wenig Licht f\u00fcr den Baumjungwuchs und krautige Pflanzen. Erst durch die Entnahme der vom F\u00f6rster markierten B\u00e4ume oder als Folge von Windwurf sowie anderer nat\u00fcrlicher Ereignisse gelangt mehr Licht an den Waldboden. Dies nutzen die Jungb\u00e4ume aus und versuchen die L\u00fccke schnell zu schlie\u00dfen.<\/p>\n<p>\u00c4ltere Buchenbest\u00e4nde stellen die bevorzugten Brutpl\u00e4tze unseres gr\u00f6\u00dften heimischen Spechtes, des Schwarzspechtes, dar. Aufgrund seiner K\u00f6rpergr\u00f6\u00dfe kann er seine H\u00f6hlen nur in B\u00e4umen mit entsprechendem Stammumfang anlegen. Um den ben\u00f6tigten Stammumfang anbieten zu k\u00f6nnen, m\u00fcssen die B\u00e4ume schon ein entsprechendes Alter aufweisen. Als Schutz vor Nestr\u00e4ubern w\u00e4hlt der Specht nur B\u00e4ume mit glatter Rinde aus. Au\u00dferdem legt er seine H\u00f6hlen aus Sicherheitsgr\u00fcnden erst oberhalb einer Stammh\u00f6he von 8 Metern an. Bis in diese H\u00f6he darf der Stamm zudem keine \u00c4ste aufweisen. Diese Anspr\u00fcche an seinen Lebensraum machen deutlich, warum der Schwarzspecht eine echte Charakterart des Buchenhallenwaldes darstellt.<\/p>\n<p>Diese Spechtart hat sich nicht zuletzt durch den Anbau der Fichte im 20. Jahrhundert kr\u00e4ftig Richtung Westen ausgebreitet. In den Fichtenw\u00e4ldern findet er seine Nahrung, die vor allem aus Ameisen besteht.<\/p>","protected":false},"excerpt":{"rendered":"<p>F\u00fcr die Rotbuche sind die Wuchsbedingungen in Mitteleuropa und somit auch im Kreis H\u00f6xter besonders g\u00fcnstig. Es wundert somit nicht, dass sich hier auch die \u00fcppigsten Buchenw\u00e4lder mit Baumh\u00f6hen von bis zu 40 m finden. Typisch f\u00fcr den Buchenwald ist eine hallen\u00e4hnliche Auspr\u00e4gung. Wie die S\u00e4ulen einer Kathedrale streben die geraden, astfreien St\u00e4mme dem Himmel [&hellip;]<\/p>\n","protected":false},"author":1,"featured_media":2148,"parent":0,"menu_order":0,"comment_status":"closed","ping_status":"closed","template":"","meta":{"ngg_post_thumbnail":0},"_links":{"self":[{"href":"https:\/\/waldwelten.sawah.mobi\/index.php?rest_route=\/wp\/v2\/pages\/2081"}],"collection":[{"href":"https:\/\/waldwelten.sawah.mobi\/index.php?rest_route=\/wp\/v2\/pages"}],"about":[{"href":"https:\/\/waldwelten.sawah.mobi\/index.php?rest_route=\/wp\/v2\/types\/page"}],"author":[{"embeddable":true,"href":"https:\/\/waldwelten.sawah.mobi\/index.php?rest_route=\/wp\/v2\/users\/1"}],"replies":[{"embeddable":true,"href":"https:\/\/waldwelten.sawah.mobi\/index.php?rest_route=%2Fwp%2Fv2%2Fcomments&post=2081"}],"version-history":[{"count":4,"href":"https:\/\/waldwelten.sawah.mobi\/index.php?rest_route=\/wp\/v2\/pages\/2081\/revisions"}],"predecessor-version":[{"id":2271,"href":"https:\/\/waldwelten.sawah.mobi\/index.php?rest_route=\/wp\/v2\/pages\/2081\/revisions\/2271"}],"wp:featuredmedia":[{"embeddable":true,"href":"https:\/\/waldwelten.sawah.mobi\/index.php?rest_route=\/wp\/v2\/media\/2148"}],"wp:attachment":[{"href":"https:\/\/waldwelten.sawah.mobi\/index.php?rest_route=%2Fwp%2Fv2%2Fmedia&parent=2081"}],"curies":[{"name":"wp","href":"https:\/\/api.w.org\/{rel}","templated":true}]}}