{"id":2091,"date":"2014-05-09T19:18:02","date_gmt":"2014-05-09T17:18:02","guid":{"rendered":"https:\/\/waldwelten.sawah.mobi\/?page_id=2091"},"modified":"2019-11-20T07:40:37","modified_gmt":"2019-11-20T06:40:37","slug":"erlebbar-fuer-jedermann","status":"publish","type":"page","link":"https:\/\/waldwelten.sawah.mobi\/?page_id=2091","title":{"rendered":"Erlebbar f\u00fcr jedermann"},"content":{"rendered":"<p>Nach und nach werden die beeindruckendsten Schutzgebiete im Kulturland Kreis H\u00f6xter naturvertr\u00e4glich erschlossen und f\u00fcr jedermann erlebbar. Sei es am Desenberg, wo man die pr\u00e4chtigen Schwalbenschw\u00e4nze bei ihrem \u201eTanz auf dem Vulkan\u201c beobachten kann, sei es bei Willebadessen, wo man auf blumenbunten Kalktriften zum \u201eFl\u00fcgelschlag des Bl\u00e4ulings\u201c entlang spaziert. Der Weser-Skywalk an den Hannoverschen Klippen l\u00e4dt zum \u201eSchweben \u00fcber Fels &amp; Wasser\u201c, die Steinterrassen an der Nethem\u00fcndung zur \u201eErfrischung im Reich der Prachtlibellen\u201c. Webcams erm\u00f6glichen v\u00f6llig neue Einblicke in die geheimnisvolle Welt der&nbsp;Flederm\u00e4use in historischen Dachst\u00fchlen.<\/p>\n<p>Wer nicht auf eigene Faust auf Entdeckungsreise gehen will, f\u00fcr den bieten zertifizierte Natur- und Kulturlandf\u00fchrer ein breites Angebot an Entdeckertouren an.<\/p>","protected":false},"excerpt":{"rendered":"<p>Nach und nach werden die beeindruckendsten Schutzgebiete im Kulturland Kreis H\u00f6xter naturvertr\u00e4glich erschlossen und f\u00fcr jedermann erlebbar. Sei es am Desenberg, wo man die pr\u00e4chtigen Schwalbenschw\u00e4nze bei ihrem \u201eTanz auf dem Vulkan\u201c beobachten kann, sei es bei Willebadessen, wo man auf blumenbunten Kalktriften zum \u201eFl\u00fcgelschlag des Bl\u00e4ulings\u201c entlang spaziert. Der Weser-Skywalk an den Hannoverschen Klippen [&hellip;]<\/p>\n","protected":false},"author":1,"featured_media":2108,"parent":0,"menu_order":0,"comment_status":"closed","ping_status":"open","template":"","meta":{"ngg_post_thumbnail":0},"_links":{"self":[{"href":"https:\/\/waldwelten.sawah.mobi\/index.php?rest_route=\/wp\/v2\/pages\/2091"}],"collection":[{"href":"https:\/\/waldwelten.sawah.mobi\/index.php?rest_route=\/wp\/v2\/pages"}],"about":[{"href":"https:\/\/waldwelten.sawah.mobi\/index.php?rest_route=\/wp\/v2\/types\/page"}],"author":[{"embeddable":true,"href":"https:\/\/waldwelten.sawah.mobi\/index.php?rest_route=\/wp\/v2\/users\/1"}],"replies":[{"embeddable":true,"href":"https:\/\/waldwelten.sawah.mobi\/index.php?rest_route=%2Fwp%2Fv2%2Fcomments&post=2091"}],"version-history":[{"count":7,"href":"https:\/\/waldwelten.sawah.mobi\/index.php?rest_route=\/wp\/v2\/pages\/2091\/revisions"}],"predecessor-version":[{"id":2276,"href":"https:\/\/waldwelten.sawah.mobi\/index.php?rest_route=\/wp\/v2\/pages\/2091\/revisions\/2276"}],"wp:featuredmedia":[{"embeddable":true,"href":"https:\/\/waldwelten.sawah.mobi\/index.php?rest_route=\/wp\/v2\/media\/2108"}],"wp:attachment":[{"href":"https:\/\/waldwelten.sawah.mobi\/index.php?rest_route=%2Fwp%2Fv2%2Fmedia&parent=2091"}],"curies":[{"name":"wp","href":"https:\/\/api.w.org\/{rel}","templated":true}]}}