{"id":2094,"date":"2014-05-09T19:20:08","date_gmt":"2014-05-09T17:20:08","guid":{"rendered":"https:\/\/waldwelten.sawah.mobi\/?page_id=2094"},"modified":"2019-11-20T07:57:46","modified_gmt":"2019-11-20T06:57:46","slug":"kulturland-kreis-hoexter","status":"publish","type":"page","link":"https:\/\/waldwelten.sawah.mobi\/?page_id=2094","title":{"rendered":"Kulturland Kreis H\u00f6xter"},"content":{"rendered":"<p>Kl\u00f6ster, Fl\u00fcsse und weite Landschaften &#8211; entdecken Sie das Kulturland Kreis H\u00f6xter!<\/p>\n<p>Ganz im S\u00fcdosten des Teutoburger Waldes &#8211; mitten im Weserbergland &#8211; &nbsp;bietet das Kulturland Kreis H\u00f6xter optimale Voraussetzungen f\u00fcr erlebnisreiche Urlaubstage. St\u00f6bern Sie doch einfach ein wenig durch die virtuellen Seiten und genie\u00dfen Sie die Vorfreude auf Ihre freien Tage.<\/p>\n<p><a href=\"https:\/\/www.kulturland.org\/\">www.kulturland.org<\/a><\/p>","protected":false},"excerpt":{"rendered":"<p>Kl\u00f6ster, Fl\u00fcsse und weite Landschaften &#8211; entdecken Sie das Kulturland Kreis H\u00f6xter! Ganz im S\u00fcdosten des Teutoburger Waldes &#8211; mitten im Weserbergland &#8211; &nbsp;bietet das Kulturland Kreis H\u00f6xter optimale Voraussetzungen f\u00fcr erlebnisreiche Urlaubstage. St\u00f6bern Sie doch einfach ein wenig durch die virtuellen Seiten und genie\u00dfen Sie die Vorfreude auf Ihre freien Tage. www.kulturland.org<\/p>\n","protected":false},"author":1,"featured_media":2109,"parent":0,"menu_order":0,"comment_status":"closed","ping_status":"open","template":"","meta":{"ngg_post_thumbnail":0},"_links":{"self":[{"href":"https:\/\/waldwelten.sawah.mobi\/index.php?rest_route=\/wp\/v2\/pages\/2094"}],"collection":[{"href":"https:\/\/waldwelten.sawah.mobi\/index.php?rest_route=\/wp\/v2\/pages"}],"about":[{"href":"https:\/\/waldwelten.sawah.mobi\/index.php?rest_route=\/wp\/v2\/types\/page"}],"author":[{"embeddable":true,"href":"https:\/\/waldwelten.sawah.mobi\/index.php?rest_route=\/wp\/v2\/users\/1"}],"replies":[{"embeddable":true,"href":"https:\/\/waldwelten.sawah.mobi\/index.php?rest_route=%2Fwp%2Fv2%2Fcomments&post=2094"}],"version-history":[{"count":7,"href":"https:\/\/waldwelten.sawah.mobi\/index.php?rest_route=\/wp\/v2\/pages\/2094\/revisions"}],"predecessor-version":[{"id":2282,"href":"https:\/\/waldwelten.sawah.mobi\/index.php?rest_route=\/wp\/v2\/pages\/2094\/revisions\/2282"}],"wp:featuredmedia":[{"embeddable":true,"href":"https:\/\/waldwelten.sawah.mobi\/index.php?rest_route=\/wp\/v2\/media\/2109"}],"wp:attachment":[{"href":"https:\/\/waldwelten.sawah.mobi\/index.php?rest_route=%2Fwp%2Fv2%2Fmedia&parent=2094"}],"curies":[{"name":"wp","href":"https:\/\/api.w.org\/{rel}","templated":true}]}}