{"id":2118,"date":"2014-05-10T09:12:04","date_gmt":"2014-05-10T07:12:04","guid":{"rendered":"https:\/\/waldwelten.sawah.mobi\/?page_id=2118"},"modified":"2019-11-19T14:47:49","modified_gmt":"2019-11-19T13:47:49","slug":"quellen-und-quellbaeche","status":"publish","type":"page","link":"https:\/\/waldwelten.sawah.mobi\/?page_id=2118","title":{"rendered":"Quellen und Quellb\u00e4che"},"content":{"rendered":"<p>Die Steilstufe der Muschelkalkbank an der \u00f6stlichen Flanke des Eggegebirges liegt den wasserundurchl\u00e4ssigen Schichten des R\u00f6ts &#8211; der obersten Formation des Buntsandsteins \u2013 auf. Das durch den Muschelkalk in die Tiefe gedrungene Niederschlagswasser sammelt sich \u00fcber dem R\u00f6t und tritt hier in einem Quellhorizont aus.<\/p>\n<p>Hangseits des Weges haben sich mehrere Kleingew\u00e4sser gebildet, die Sonderlebensr\u00e4ume im Buchenwald darstellen. Im Uferbereich bildet die Bachbunge dichte Best\u00e4nde. Sie ist an ihren dunkelblauen Bl\u00fcten gut zu erkennen. Dazwischen finden sich an feuchten Standorten Sauergr\u00e4ser wie Wald-Simse und Winkel-Segge. Auf dem Wasser schwimmen Wasserlinsen. Sie geh\u00f6ren zu den kleinsten heimischen Bl\u00fctenpflanzen.<\/p>\n<p>Im Wasser selbst k\u00f6nnen von M\u00e4rz bis Juli Bergmolche und die Larven des Feuersalamanders beobachtet werden. Schaut man genau hin, findet man auch die Larven der K\u00f6cherfliegen, die ihren Hinterleib in kunstvoll gebauten R\u00f6hren, sogenannten K\u00f6chern, verbergen und sich so vor Feinden sch\u00fctzen. Bei den Insekten auf dem Wasser handelt es sich um Wasserl\u00e4ufer, sie geh\u00f6ren zu den Wanzen.<\/p>","protected":false},"excerpt":{"rendered":"<p>Die Steilstufe der Muschelkalkbank an der \u00f6stlichen Flanke des Eggegebirges liegt den wasserundurchl\u00e4ssigen Schichten des R\u00f6ts &#8211; der obersten Formation des Buntsandsteins \u2013 auf. Das durch den Muschelkalk in die Tiefe gedrungene Niederschlagswasser sammelt sich \u00fcber dem R\u00f6t und tritt hier in einem Quellhorizont aus. Hangseits des Weges haben sich mehrere Kleingew\u00e4sser gebildet, die Sonderlebensr\u00e4ume [&hellip;]<\/p>\n","protected":false},"author":1,"featured_media":2149,"parent":0,"menu_order":0,"comment_status":"closed","ping_status":"open","template":"","meta":{"ngg_post_thumbnail":0},"_links":{"self":[{"href":"https:\/\/waldwelten.sawah.mobi\/index.php?rest_route=\/wp\/v2\/pages\/2118"}],"collection":[{"href":"https:\/\/waldwelten.sawah.mobi\/index.php?rest_route=\/wp\/v2\/pages"}],"about":[{"href":"https:\/\/waldwelten.sawah.mobi\/index.php?rest_route=\/wp\/v2\/types\/page"}],"author":[{"embeddable":true,"href":"https:\/\/waldwelten.sawah.mobi\/index.php?rest_route=\/wp\/v2\/users\/1"}],"replies":[{"embeddable":true,"href":"https:\/\/waldwelten.sawah.mobi\/index.php?rest_route=%2Fwp%2Fv2%2Fcomments&post=2118"}],"version-history":[{"count":2,"href":"https:\/\/waldwelten.sawah.mobi\/index.php?rest_route=\/wp\/v2\/pages\/2118\/revisions"}],"predecessor-version":[{"id":2200,"href":"https:\/\/waldwelten.sawah.mobi\/index.php?rest_route=\/wp\/v2\/pages\/2118\/revisions\/2200"}],"wp:featuredmedia":[{"embeddable":true,"href":"https:\/\/waldwelten.sawah.mobi\/index.php?rest_route=\/wp\/v2\/media\/2149"}],"wp:attachment":[{"href":"https:\/\/waldwelten.sawah.mobi\/index.php?rest_route=%2Fwp%2Fv2%2Fmedia&parent=2118"}],"curies":[{"name":"wp","href":"https:\/\/api.w.org\/{rel}","templated":true}]}}