{"id":2120,"date":"2014-05-10T09:13:21","date_gmt":"2014-05-10T07:13:21","guid":{"rendered":"https:\/\/waldwelten.sawah.mobi\/?page_id=2120"},"modified":"2019-11-19T14:59:39","modified_gmt":"2019-11-19T13:59:39","slug":"esche-eiche-und-co","status":"publish","type":"page","link":"https:\/\/waldwelten.sawah.mobi\/?page_id=2120","title":{"rendered":"Esche, Eiche und Co."},"content":{"rendered":"<p>Neben der Buche geh\u00f6rt die Esche mit Wuchsh\u00f6hen von bis zu 40 Metern zu den h\u00f6chsten Laubb\u00e4umen Europas. An feuchten und zeitweilig trockenen Stellen kann sie gegen die Buche konkurrieren, auf den anderen Standorten ist sie der Buche unterlegen und wird dort im Laufe der Zeit von ihr verdr\u00e4ngt. Neben Buche und Eiche geh\u00f6rt sie zu den wichtigsten heimischen Laubnutzh\u00f6lzern. Ihr Holz wird dort eingesetzt, wo h\u00f6chste Anspr\u00fcche an Festigkeit und Elastizit\u00e4t gestellt werden. In der Vergangenheit waren das beispielsweise Narben, Felgen und Speichen der Holzr\u00e4der heute wird es f\u00fcr die Herstellung von Werkzeugstielen, Sportger\u00e4ten und Biegeformteilen genutzt.<\/p>\n<p>Vergleicht man die Rinde von Esche und Eiche mit der der Buche f\u00e4llt sofort ein gro\u00dfer Unterschied auf: Sie ist rau und rissig, die der Buche dagegen glatt. Dieser Unterschied ist von gro\u00dfer \u00f6kologischer Bedeutung, denn eine raue, rissige Rinde bietet f\u00fcr viele wirbellose Tiere wie Insekten oder Spinnen gute Versteckm\u00f6glichkeiten. Aus Sicht der Vogelwelt bieten Eschen und Eichen somit einen reich gedeckten Tisch, w\u00e4hrend das Nahrungsangebot auf der Buche eher sp\u00e4rlich ist. Aus diesem Grund ist der Mittelspecht nie in Buchenw\u00e4ldern anzutreffen: Er hat sich soweit auf die Nahrungssuche im Bereich der Rinde spezialisiert, dass er seinen Bedarf \u00fcber die glatte Rinde der Buche nicht decken kann.<\/p>","protected":false},"excerpt":{"rendered":"<p>Neben der Buche geh\u00f6rt die Esche mit Wuchsh\u00f6hen von bis zu 40 Metern zu den h\u00f6chsten Laubb\u00e4umen Europas. An feuchten und zeitweilig trockenen Stellen kann sie gegen die Buche konkurrieren, auf den anderen Standorten ist sie der Buche unterlegen und wird dort im Laufe der Zeit von ihr verdr\u00e4ngt. Neben Buche und Eiche geh\u00f6rt sie [&hellip;]<\/p>\n","protected":false},"author":1,"featured_media":2150,"parent":0,"menu_order":0,"comment_status":"closed","ping_status":"open","template":"","meta":{"ngg_post_thumbnail":0},"_links":{"self":[{"href":"https:\/\/waldwelten.sawah.mobi\/index.php?rest_route=\/wp\/v2\/pages\/2120"}],"collection":[{"href":"https:\/\/waldwelten.sawah.mobi\/index.php?rest_route=\/wp\/v2\/pages"}],"about":[{"href":"https:\/\/waldwelten.sawah.mobi\/index.php?rest_route=\/wp\/v2\/types\/page"}],"author":[{"embeddable":true,"href":"https:\/\/waldwelten.sawah.mobi\/index.php?rest_route=\/wp\/v2\/users\/1"}],"replies":[{"embeddable":true,"href":"https:\/\/waldwelten.sawah.mobi\/index.php?rest_route=%2Fwp%2Fv2%2Fcomments&post=2120"}],"version-history":[{"count":4,"href":"https:\/\/waldwelten.sawah.mobi\/index.php?rest_route=\/wp\/v2\/pages\/2120\/revisions"}],"predecessor-version":[{"id":2270,"href":"https:\/\/waldwelten.sawah.mobi\/index.php?rest_route=\/wp\/v2\/pages\/2120\/revisions\/2270"}],"wp:featuredmedia":[{"embeddable":true,"href":"https:\/\/waldwelten.sawah.mobi\/index.php?rest_route=\/wp\/v2\/media\/2150"}],"wp:attachment":[{"href":"https:\/\/waldwelten.sawah.mobi\/index.php?rest_route=%2Fwp%2Fv2%2Fmedia&parent=2120"}],"curies":[{"name":"wp","href":"https:\/\/api.w.org\/{rel}","templated":true}]}}