{"id":2131,"date":"2014-05-10T09:18:41","date_gmt":"2014-05-10T07:18:41","guid":{"rendered":"https:\/\/waldwelten.sawah.mobi\/?page_id=2131"},"modified":"2019-11-19T14:47:49","modified_gmt":"2019-11-19T13:47:49","slug":"im-geophytenreichen-buchenwald","status":"publish","type":"page","link":"https:\/\/waldwelten.sawah.mobi\/?page_id=2131","title":{"rendered":"Im geophytenreichen Buchenwald"},"content":{"rendered":"<p>Die Rotbuche ist in unseren heimischen W\u00e4ldern die dominante Baumart. Erfolgreich ist sie vor allem deshalb, weil sie als hoch aufgewachsener Baum eine dichte Krone ausbildet, die im belaubten Zustand kaum noch Licht auf den Waldboden durchl\u00e4sst. Kleinere B\u00e4ume und Kr\u00e4uter werden so \u201eausgedunkelt\u201c. Wollen Sie im Buchenwald \u00fcberleben, m\u00fcssen sie mit wenig Licht auskommen, dazu sind beispielsweise Farne und Moose in der Lage. Oder aber sie entwickeln eine Strategie, wie sie vor Ausbildung der dichten Laubschicht ihren Vermehrungszyklus beenden. Diesen Weg haben Fr\u00fchbl\u00fcher, die sogenannten Fr\u00fchlingsgeophyten eingeschlagen. Sie bl\u00fchen bereits im zeitigen Fr\u00fchjahr und entwickeln ihre Samen und Fr\u00fcchte in k\u00fcrzester Zeit. Wenn die Buchen Anfang Mai ihr Laub schieben und den Waldboden allm\u00e4hlich ausdunkeln, haben die Fr\u00fchlingsgeophyten ihre Entwicklung weitgehend abgeschlossen. Sie \u00fcberdauern unterirdisch mit Hilfe spezieller Speicherorgane, wie z. B. Zwiebeln oder Knollen bis zum n\u00e4chsten Jahr.<\/p>\n<p>Geophytenreiche Buchenw\u00e4lder finden sich nur auf basenreichen Ausgangsgesteinen oder B\u00f6den, wie hier auf dem Muschelkalk. Die Bl\u00fcten des Lerchensporns, des Windr\u00f6schens oder B\u00e4rlauchs bedecken hier im Fr\u00fchjahr gro\u00dfe Areale des Waldbodens und bieten ein wahres Fest f\u00fcr die Sinne!<\/p>","protected":false},"excerpt":{"rendered":"<p>Die Rotbuche ist in unseren heimischen W\u00e4ldern die dominante Baumart. Erfolgreich ist sie vor allem deshalb, weil sie als hoch aufgewachsener Baum eine dichte Krone ausbildet, die im belaubten Zustand kaum noch Licht auf den Waldboden durchl\u00e4sst. Kleinere B\u00e4ume und Kr\u00e4uter werden so \u201eausgedunkelt\u201c. Wollen Sie im Buchenwald \u00fcberleben, m\u00fcssen sie mit wenig Licht auskommen, [&hellip;]<\/p>\n","protected":false},"author":1,"featured_media":2140,"parent":0,"menu_order":0,"comment_status":"closed","ping_status":"open","template":"","meta":{"ngg_post_thumbnail":0},"_links":{"self":[{"href":"https:\/\/waldwelten.sawah.mobi\/index.php?rest_route=\/wp\/v2\/pages\/2131"}],"collection":[{"href":"https:\/\/waldwelten.sawah.mobi\/index.php?rest_route=\/wp\/v2\/pages"}],"about":[{"href":"https:\/\/waldwelten.sawah.mobi\/index.php?rest_route=\/wp\/v2\/types\/page"}],"author":[{"embeddable":true,"href":"https:\/\/waldwelten.sawah.mobi\/index.php?rest_route=\/wp\/v2\/users\/1"}],"replies":[{"embeddable":true,"href":"https:\/\/waldwelten.sawah.mobi\/index.php?rest_route=%2Fwp%2Fv2%2Fcomments&post=2131"}],"version-history":[{"count":2,"href":"https:\/\/waldwelten.sawah.mobi\/index.php?rest_route=\/wp\/v2\/pages\/2131\/revisions"}],"predecessor-version":[{"id":2207,"href":"https:\/\/waldwelten.sawah.mobi\/index.php?rest_route=\/wp\/v2\/pages\/2131\/revisions\/2207"}],"wp:featuredmedia":[{"embeddable":true,"href":"https:\/\/waldwelten.sawah.mobi\/index.php?rest_route=\/wp\/v2\/media\/2140"}],"wp:attachment":[{"href":"https:\/\/waldwelten.sawah.mobi\/index.php?rest_route=%2Fwp%2Fv2%2Fmedia&parent=2131"}],"curies":[{"name":"wp","href":"https:\/\/api.w.org\/{rel}","templated":true}]}}