{"id":2133,"date":"2014-05-10T09:19:49","date_gmt":"2014-05-10T07:19:49","guid":{"rendered":"https:\/\/waldwelten.sawah.mobi\/?page_id=2133"},"modified":"2019-11-19T14:58:30","modified_gmt":"2019-11-19T13:58:30","slug":"waelder-zwischen-iburg-und-aschenhuette","status":"publish","type":"page","link":"https:\/\/waldwelten.sawah.mobi\/?page_id=2133","title":{"rendered":"Erlebnispfad Waldwelten"},"content":{"rendered":"<p>&#8220;Der GPS-Erlebnispfad &#8222;Erlesene Natur &#8211; Waldwelten&#8220; f\u00fchrt auf ca. 5 Kilometern durch einen f\u00fcr den Naturpark Teutoburger Wald \/ Eggegebirge typischen Rotbuchenwald bei Bad Driburg.<\/p>\n<p>An 16 Erlebnisstationen entdecken Sie die Natur und Kultur zwischen Iburg und Aschenh\u00fctte.<\/p>\n<p>Die \u201eW\u00e4lder zwischen Iburg und Aschenh\u00fctte\u201c sind ein Teilgebiet der \u201eErlesenen Natur\u201c. Naturnahe B\u00e4che, bl\u00fctenbunte Magerrasen oder bizarre Wacholderheiden \u2013 sie alle z\u00e4hlen zu unserem Europ\u00e4ischen Naturerbe im Kulturland Kreis H\u00f6xter.<\/p>\n<p>Nehmen Sie das Angebot an und tauchen Sie ein in eine \u201eNatur ohne Grenzen\u201c, zahlreiche weitere Erlebnisgebiete warten auf Sie!<\/p>","protected":false},"excerpt":{"rendered":"<p>&#8220;Der GPS-Erlebnispfad &#8222;Erlesene Natur &#8211; Waldwelten&#8220; f\u00fchrt auf ca. 5 Kilometern durch einen f\u00fcr den Naturpark Teutoburger Wald \/ Eggegebirge typischen Rotbuchenwald bei Bad Driburg. An 16 Erlebnisstationen entdecken Sie die Natur und Kultur zwischen Iburg und Aschenh\u00fctte. Die \u201eW\u00e4lder zwischen Iburg und Aschenh\u00fctte\u201c sind ein Teilgebiet der \u201eErlesenen Natur\u201c. Naturnahe B\u00e4che, bl\u00fctenbunte Magerrasen oder [&hellip;]<\/p>\n","protected":false},"author":1,"featured_media":2172,"parent":0,"menu_order":0,"comment_status":"closed","ping_status":"open","template":"","meta":{"ngg_post_thumbnail":0},"_links":{"self":[{"href":"https:\/\/waldwelten.sawah.mobi\/index.php?rest_route=\/wp\/v2\/pages\/2133"}],"collection":[{"href":"https:\/\/waldwelten.sawah.mobi\/index.php?rest_route=\/wp\/v2\/pages"}],"about":[{"href":"https:\/\/waldwelten.sawah.mobi\/index.php?rest_route=\/wp\/v2\/types\/page"}],"author":[{"embeddable":true,"href":"https:\/\/waldwelten.sawah.mobi\/index.php?rest_route=\/wp\/v2\/users\/1"}],"replies":[{"embeddable":true,"href":"https:\/\/waldwelten.sawah.mobi\/index.php?rest_route=%2Fwp%2Fv2%2Fcomments&post=2133"}],"version-history":[{"count":6,"href":"https:\/\/waldwelten.sawah.mobi\/index.php?rest_route=\/wp\/v2\/pages\/2133\/revisions"}],"predecessor-version":[{"id":2269,"href":"https:\/\/waldwelten.sawah.mobi\/index.php?rest_route=\/wp\/v2\/pages\/2133\/revisions\/2269"}],"wp:featuredmedia":[{"embeddable":true,"href":"https:\/\/waldwelten.sawah.mobi\/index.php?rest_route=\/wp\/v2\/media\/2172"}],"wp:attachment":[{"href":"https:\/\/waldwelten.sawah.mobi\/index.php?rest_route=%2Fwp%2Fv2%2Fmedia&parent=2133"}],"curies":[{"name":"wp","href":"https:\/\/api.w.org\/{rel}","templated":true}]}}