{"id":2280,"date":"2019-11-20T07:50:32","date_gmt":"2019-11-20T06:50:32","guid":{"rendered":"https:\/\/waldwelten.sawah.mobi\/?page_id=2280"},"modified":"2019-11-20T07:50:32","modified_gmt":"2019-11-20T06:50:32","slug":"kulturlandfuehrer","status":"publish","type":"page","link":"https:\/\/waldwelten.sawah.mobi\/?page_id=2280","title":{"rendered":"KulturLandF\u00fchrer"},"content":{"rendered":"<p>Wenn Sie die \u201eErlesene Natur\u201c unter fachkundiger Begleitung entdecken m\u00f6chten, stehen Ihnen ausgebildete Natur- und Landschaftsf\u00fchrer zur Verf\u00fcgung. Sie begleiten Sie auf Wunsch gerne bei einer Wanderung durch die Erlebnisgebiete und informieren \u00fcber die vielf\u00e4ltigen Besonderheiten am Wegesrand, die man eben nur sieht, wenn man sie kennt. Egal ob als individueller Besucher, Familie, Reisegruppe, Schulklasse oder Kindergarten, nehmen Sie einfach&nbsp;Kontakt&nbsp;mit ihnen auf.<\/p>\n<p>Die Natur- und Landschaftsf\u00fchrer bieten zu bestimmten Themen und Terminen auch gef\u00fchrte Wanderungen und Exkursionen f\u00fcr jedermann an. Werfen Sie einen Blick in das Veranstaltungsprogramm und holen Sie sich Ihre Anregung f\u00fcr den n\u00e4chsten Ausflug.<\/p>\n<p>Dar\u00fcber hinaus gibt es auch die M\u00f6glichkeit, individuelle Programme zu gestalten. Die Palette reicht von Kr\u00e4uterkunde \u00fcber vogelkundliche Exkursionen, Geologie &amp; Waldnutzung bis hin zum Baumklettern. So ist spannendes Naturerlebnis f\u00fcr alle Ziel- und Altersgruppen garantiert.<\/p>\n<p>Die 22 Natur- und Landschaftsf\u00fchrer wurden im Rahmen des Projekts \u201eErlesene Natur \u2013 Naturerleben im Kulturland Kreis H\u00f6xter\u201c in enger Zusammenarbeit mit der Natur- und Umweltschutzakademie des Landes NRW (NUA) und dem&nbsp;Naturpark Teutoburger Wald \/ Eggegebirge&nbsp;ausgebildet. Die 70-st\u00fcndige Ausbildung im Waldinformationszentrum Hammerhof bei Scherfede umfasste u.a. Themen wie die naturkundlichen Grundlagen der Region, das Verh\u00e4ltnis von Mensch, Kultur und Landschaft, Umweltdidaktik und rechtliche Bestimmungen f\u00fcr den Aufenthalt in Wald und Landschaft. Erg\u00e4nzt wurde die theoretische Bildung durch Exkursionen in die Erlebnisgebiete der &#8222;Erlesenen Natur&#8220;. Neben einer Hausarbeit und einer Klausur zeigten die Teilnehmer im praktischen Teil, wie sie ihren G\u00e4sten die Natur n\u00e4herbringen wollen.<\/p>\n","protected":false},"excerpt":{"rendered":"<p>Wenn Sie die \u201eErlesene Natur\u201c unter fachkundiger Begleitung entdecken m\u00f6chten, stehen Ihnen ausgebildete Natur- und Landschaftsf\u00fchrer zur Verf\u00fcgung. Sie begleiten Sie auf Wunsch gerne bei einer Wanderung durch die Erlebnisgebiete und informieren \u00fcber die vielf\u00e4ltigen Besonderheiten am Wegesrand, die man eben nur sieht, wenn man sie kennt. Egal ob als individueller Besucher, Familie, Reisegruppe, Schulklasse [&hellip;]<\/p>\n","protected":false},"author":1,"featured_media":0,"parent":0,"menu_order":0,"comment_status":"closed","ping_status":"closed","template":"","meta":{"ngg_post_thumbnail":0},"_links":{"self":[{"href":"https:\/\/waldwelten.sawah.mobi\/index.php?rest_route=\/wp\/v2\/pages\/2280"}],"collection":[{"href":"https:\/\/waldwelten.sawah.mobi\/index.php?rest_route=\/wp\/v2\/pages"}],"about":[{"href":"https:\/\/waldwelten.sawah.mobi\/index.php?rest_route=\/wp\/v2\/types\/page"}],"author":[{"embeddable":true,"href":"https:\/\/waldwelten.sawah.mobi\/index.php?rest_route=\/wp\/v2\/users\/1"}],"replies":[{"embeddable":true,"href":"https:\/\/waldwelten.sawah.mobi\/index.php?rest_route=%2Fwp%2Fv2%2Fcomments&post=2280"}],"version-history":[{"count":1,"href":"https:\/\/waldwelten.sawah.mobi\/index.php?rest_route=\/wp\/v2\/pages\/2280\/revisions"}],"predecessor-version":[{"id":2281,"href":"https:\/\/waldwelten.sawah.mobi\/index.php?rest_route=\/wp\/v2\/pages\/2280\/revisions\/2281"}],"wp:attachment":[{"href":"https:\/\/waldwelten.sawah.mobi\/index.php?rest_route=%2Fwp%2Fv2%2Fmedia&parent=2280"}],"curies":[{"name":"wp","href":"https:\/\/api.w.org\/{rel}","templated":true}]}}